{"id":266,"date":"2026-02-02T11:38:39","date_gmt":"2026-02-02T09:38:39","guid":{"rendered":"https:\/\/saguaroshoes.fi\/?post_type=product&#038;p=266"},"modified":"2026-04-05T21:25:41","modified_gmt":"2026-04-05T19:25:41","slug":"saguaro-vitaly-iii-rock","status":"publish","type":"product","link":"https:\/\/saguaroshoes.fi\/?product=saguaro-vitaly-iii-rock","title":{"rendered":"Saguaro Vitaly III Rock"},"content":{"rendered":"<h3><strong>Saguaro Vitaly III Rock<\/strong><\/h3>\n<p><span style=\"font-weight: 400;\">Saguaro Vitaly III -paljasjalkakeng\u00e4t tarjoavat luonnollisen askelluksen ja mukautuvat t\u00e4ydellisesti jalan liikkeisiin. N\u00e4iden unisex mallien kevyt ja joustava rakenne aktivoi jalkojen lihaksia ja niveli\u00e4, samalla tukien sel\u00e4n luonnollista asentoa. Paljasjalkakenkien muotoiltu pohja ( Ulkopohja 5 mm) takaa rullaavan askelluksen ja varmistaa hyv\u00e4n pidon niin m\u00e4rill\u00e4, pehmeill\u00e4 kuin kovilla alustoilla. N\u00e4m\u00e4 keng\u00e4t sopivat erinomaisesti juoksuun, kuntosalille, jumppaan, matkustamiseen, polkujuoksuun ja uintiin \u2013 sek\u00e4 toimivat my\u00f6s ty\u00f6jalkineina terveydenhoitoalalla.<\/span><\/p>\n<h3><strong>Saguaro paljasjalkakenkiemme ominaisuudet:<\/strong><\/h3>\n<div id=\"tab-barefoot-attributes-mobile\" class=\"toggle-content popup-mobile\">\n<div class=\"tab-popup-content\">\n<div>\n<p><strong><span dir=\"auto\">Joustava pohja: <\/span><\/strong><span dir=\"auto\">Edist\u00e4\u00e4 luonnollista ja rajoittamatonta liikett\u00e4 jokaisella askeleella.<\/span><\/p>\n<p><strong><span dir=\"auto\">Anatomisesti ja fysiologisesti oikein muotoiltu ulkopohja: <\/span><\/strong>Oikein muotoiltu pohja mahdollistaa paljasjalkakeng\u00e4n k\u00e4yt\u00f6n my\u00f6s kovalla alustalla<\/p>\n<\/div>\n<div>\n<p><strong><span dir=\"auto\">Nolla droppi: <\/span><\/strong><span dir=\"auto\">Kantap\u00e4\u00e4 ja p\u00e4ki\u00e4 ovat samalla korkeudellla kuin olisimme ilman jalkineita, t\u00e4m\u00e4 edist\u00e4\u00e4 oikeaa ryhti\u00e4 ja linjausta.<\/span><\/p>\n<\/div>\n<div>\n<p><strong><span dir=\"auto\">Leve\u00e4 k\u00e4rki: <\/span><\/strong><span dir=\"auto\">Tarjoaa runsaasti tilaa varpaiden luonnolliselle levi\u00e4miselle, toiminnalle ja sit\u00e4 kautta lis\u00e4\u00e4 tasapainoa.<\/span><\/p>\n<\/div>\n<div>\n<p><strong><span dir=\"auto\">Kevyt muotoilu: <\/span><\/strong><span dir=\"auto\">V\u00e4hent\u00e4\u00e4 rasitusta pit\u00e4en liikkeet vaivattomana ja kevyen\u00e4.<\/span><\/p>\n<\/div>\n<\/div>\n<\/div>\n<p>&nbsp;<\/p>\n<h4><b>Avainominaisuudet: Vapaa-aika, liikunta, ty\u00f6, matkustus, hyvinvointi<\/b><\/h4>\n<ul>\n<li><strong>Nopeasti kuivuva-<\/strong>\u00a0Hengitt\u00e4v\u00e4 materiaali kuivaa nopeasti<\/li>\n<li><b>Luonnollinen askellus<\/b>\u00a0\u2013 Kantakorotukseton ja jalan muotoon mukautuva barefoot-rakenne.<\/li>\n<li><b>Pit\u00e4v\u00e4 ulkopohja<\/b> \u2013 5 mm laadukasta luonnonkumia, antaa varman pidon m\u00e4r\u00e4ll\u00e4, pehme\u00e4ll\u00e4 ja kovalla alustalla.<\/li>\n<li><b>Monipuolinen k\u00e4ytt\u00f6tarkoitus<\/b>\u00a0\u2013 Sopii juoksuun, kuntosalille, jumppaan, matkustamiseen, polkujuoksuun, uintiin ja ty\u00f6jalkineeksi.<\/li>\n<li><b>Jalan ja sel\u00e4n hyvinvointi<\/b>\u00a0\u2013 Vahvistaa jalkojen lihaksia, aktivoi nivelten toimintaa ja tukee sel\u00e4n luonnollista asentoa.<\/li>\n<li><b>Helppo huoltaa<\/b>\u00a0\u2013 Konepest\u00e4v\u00e4 30 asteessa, kevyt linkous ja ilmakuivaus.<\/li>\n<\/ul>\n<h4><b>Tekniset tiedot:<\/b><\/h4>\n<ul>\n<li><b>P\u00e4\u00e4llinen<\/b>: Hengitt\u00e4v\u00e4 ja joustava verkkokangas, joka muotoutuu jalan anatomiaan.<\/li>\n<li><b>Ulkopohja<\/b>: 6 mm, 100 % luonnonkumi, joka takaa erinomaisen pidon eri alustoilla.<\/li>\n<li><b>Sis\u00e4pohjallinen<\/b>: 4 mm irrotettava barefoot-pohjallinen (voi k\u00e4ytt\u00e4\u00e4 my\u00f6s ilman).<\/li>\n<li><b>Kiinnitys<\/b>: Joustava integroitu nauhakiinnitys, joka mahdollistaa nopean ja helpon pukeutumisen.<\/li>\n<li><b>Paino<\/b>: Vain 237g (koko 39).<\/li>\n<li><b>Pesuohje<\/b>: Konepest\u00e4v\u00e4 30 astetta, ei linkousta<\/li>\n<\/ul>\n<p>&nbsp;<\/p>\n<p>Saguaro Vitaly III -paljasjalkakeng\u00e4t ovat t\u00e4ydellinen valinta, kun haluat yhdist\u00e4\u00e4 luonnollisen askelluksen, mukautuvan k\u00e4ytt\u00f6tarkoituksen ja pitk\u00e4n aikav\u00e4lin jalan hyvinvoinnin.<\/p>\n<div id=\"tab-product-info-mobile\" class=\"toggle-content popup-mobile\">\n<div class=\"tab-popup-content\">\n<p><strong><span dir=\"auto\">TIPS! Konepest\u00e4v\u00e4t keng\u00e4t<\/span><\/strong><\/p>\n<p><span dir=\"auto\">Konepest\u00e4v\u00e4t kenk\u00e4mme on valmistettu kest\u00e4vist\u00e4 materiaaleista, jotka kest\u00e4v\u00e4t hell\u00e4varaisen pesuohjelman. S\u00e4ilytt\u00e4\u00e4ksesi niiden laadun ja varmistaaksesi asianmukaisen puhdistuksen, noudata seuraavia ohjeita:<\/span><\/p>\n<ul>\n<li><span dir=\"auto\">Laita keng\u00e4t pesupussiin\u00a0<\/span><\/li>\n<li><span dir=\"auto\">Pesuohjelma: K\u00e4yt\u00e4 kylm\u00e4\u00e4 vett\u00e4\u00a0 30 astetta maksimi ja mietoa pesuainetta\u00a0<\/span><\/li>\n<li><span dir=\"auto\">Kuivaus: Ravista ylim\u00e4\u00e4r\u00e4inen vesi pois ja anna kuivua \u2013 v\u00e4lt\u00e4 kuivausrummun k\u00e4ytt\u00f6\u00e4.<\/span><\/li>\n<\/ul>\n<p><span dir=\"auto\">Vinkki: Keng\u00e4t palautuvat alkuper\u00e4iseen muotoonsa yhden tai kahden k\u00e4ytt\u00f6kerran j\u00e4lkeen.<\/span><\/p>\n<\/div>\n<\/div>\n<p><img loading=\"lazy\" decoding=\"async\" class=\"alignnone size-medium wp-image-263\" src=\"https:\/\/saguaroshoes.fi\/wp-content\/uploads\/2026\/01\/measurement_feet-300x190.webp\" alt=\"\" width=\"300\" height=\"190\" srcset=\"https:\/\/saguaroshoes.fi\/wp-content\/uploads\/2026\/01\/measurement_feet-300x190.webp 300w, https:\/\/saguaroshoes.fi\/wp-content\/uploads\/2026\/01\/measurement_feet-600x380.webp 600w, https:\/\/saguaroshoes.fi\/wp-content\/uploads\/2026\/01\/measurement_feet.webp 676w\" sizes=\"auto, (max-width: 300px) 100vw, 300px\" \/><\/p>\n<p>Kokotaulukko tuotekuvissa!<\/p>\n<h3 class=\"lead\">Saguaro paljasjalkakeng\u00e4t<\/h3>\n<p>Paljasjalkakengiss\u00e4 on eroja,\u00a0 ja etenkin Suomen markkinoilla on tuotteita myynniss\u00e4 laidasta laitaan. Paljasjalkakengiss\u00e4 kuuluu olla tietyt ominaisuudet vaikka puhutaan minimalistisista jalkineista. Suurin puute halvoissa &#8221;oudoissa merkeiss\u00e4&#8221; on suora pohja. Terve jalkapohjamme ei ole tasainen vaan siin\u00e4 on tarkat fysiologiset ja anatomiset toiminnot tarkoituksella jotka vaihtelee jokaisella yksil\u00f6llisesti. Paljasjalkakeng\u00e4n tulee aktivoida ja vahvistaa n\u00e4it\u00e4 luonnollisia muotoja ja toimintoja.<\/p>\n<p>Laadukkaan paljasjalkakeng\u00e4n pohja muistuttaa sinun jalkapohjaasi ja sen tavoitteena on antaa hyv\u00e4 rullaus niin kovalla kuin pehme\u00e4ll\u00e4 alustalla. Vahvistaa jalan holvirakenteita my\u00f6s silloin kun ne ovat ongelmalliset. Hyv\u00e4 paljasjalkakenk\u00e4 <strong>sopii korkealle holville kuin my\u00f6s &#8221;v\u00e4syneelle&#8221; holville.<\/strong> Mik\u00e4li sinulla on ongelmia jalkojen kanssa ja k\u00e4yt\u00e4t esimerkiksi ortopedisia jalkineita tai pohjallisia kanattaa k\u00e4ytt\u00f6 aloittaa rauhallisesti. Mik\u00e4li olet ep\u00e4varma kannattaa asiaa tiedustella my\u00f6s esimerkiksi jalkojen toimintaan perehtyneelt\u00e4 ammattllaiselta, v\u00e4ltt\u00e4m\u00e4tt\u00e4 silt\u00e4 omalta fysioterapeutilta ei saa aina oikeaa vastausta. Hae tietoa, testaa ja kysy useammalta taholta. T\u00e4rkeint\u00e4 on ett\u00e4 valitset laadukkaat paljasjalkakeng\u00e4t valmistajalta jolla tutkimusta ja osaamista alalta. Suomen lippukaan ei ole tae laadusta paljasjalkakengiss\u00e4. Laadukkaimmat jalkineet l\u00f6ytyv\u00e4t isompien brandien takaa. N\u00e4it\u00e4 ovat mm. Saguaro, Merrell. Paljasjalkakenki\u00e4 k\u00e4ytet\u00e4\u00e4n nykyisin paljon my\u00f6s ty\u00f6ss\u00e4, etenkin sis\u00e4tiloissa kuten hoitopuolella. Kun jalkinetta k\u00e4ytet\u00e4\u00e4n kovalla alustalla pitki\u00e4 aikoja kerrallaan ja monta kertaa viikossa\u00a0 hyv\u00e4n paljasjalkakeng\u00e4n ominaisuudet ovat kultaakin kalliimmat. Jos k\u00e4velet p\u00e4iv\u00e4n aikana paljon kovalla tasaisella alustalla ja jalassasi on tasapohjaiset &#8221;paljasjalkakeng\u00e4t&#8221; askeleen luonnolinen rullaus estyy, paine niveliin kasvaa, asentovirheet korostuu, k\u00e4vely muokkautuu huonon pohjan mukaiseksi ja varmasti ongelmia on tiedossa vaikka jalkineiden osto olisi ollut kivuton.<\/p>\n<p>T\u00e4m\u00e4 johtaa usein lauseeseen:<\/p>\n<p><strong>: Kokeilin paljasjalkakenki\u00e4 ja ne ei sovi minulle! <\/strong>( t\u00e4h\u00e4n syyn\u00e4 usein huonolaatuiset paljasjalkakeng\u00e4t jota testattu kovalla alustalla.<\/p>\n<p>:<strong> Ei k\u00e4y mulle! mulla pit\u00e4\u00e4 olla korkoa!<\/strong> (t\u00e4h\u00e4n korkoon taas moni totuttunut ja kehon takaosan lihaksisto my\u00f6s muotoutunut (lyhentynyt) jalan v\u00e4\u00e4r\u00e4n asennon vuoksi. Mik\u00e4li meill\u00e4 uuluisi olla korko jalkineissa niin eik\u00f6h\u00e4n tuo meid\u00e4n kantaluu olisi tehty hieman korkeammaksi. Eik\u00e4 paljasjalkakeng\u00e4n kuulu olla ainut k\u00e4yt\u00f6ss\u00e4 oleva jalkine, korkkari ja kumppari on v\u00e4lill\u00e4 oikea ratkaisu<\/p>\n<p>Tarkista ty\u00f6k\u00e4yt\u00f6ss\u00e4si olevan jalkineen pohja jos k\u00e4velet paljon tasaisella alustalla. Pohjassa kuuluu olla painealueet kantap\u00e4\u00e4ll\u00e4 ja p\u00e4ki\u00e4ll\u00e4 kuten meid\u00e4n terveess\u00e4 jalassa. Oikein muotolitu paljasjalkakeng\u00e4n pohja rullaa my\u00f6s kovalla alustalla, aktivoi jalan lihaksistoa, v\u00e4hent\u00e4\u00e4 nivelpainetta ja pit\u00e4\u00e4 kehon asennon hyv\u00e4ss\u00e4 ryhdiss\u00e4.<\/p>\n<p>Kehosta ja jaloista huolehtien yli 25- vuoden kokemuksella.<\/p>\n<p>Tips lyhyesti:<\/p>\n<ul>\n<li>Osta brandi\u00e4, \u00e4l\u00e4 keksittyj\u00e4 merkkej\u00e4<\/li>\n<li>Tarkista jalkineen pohja ettei se ole t\u00e4ysintasainen vaan siin\u00e4 on ns: terveen jalkapohjan muoto<\/li>\n<li>Kantap\u00e4\u00e4 ja p\u00e4ki\u00e4 samalla korkeudella<\/li>\n<li>Jalkineen sis\u00e4ll\u00e4 ei jalan asentoa korjaavia tukia<\/li>\n<li>Oikea malli, k\u00e4ytt\u00f6tarkoituksen mukaan<\/li>\n<li>Hengitt\u00e4vyys, pest\u00e4vyys, pohjanpaksuus sopiva k\u00e4ytt\u00f6\u00f6n<\/li>\n<li>Totuta kehoa muutama p\u00e4iv\u00e4<\/li>\n<li>Jalkineiden vaihto ty\u00f6viikon aikana on ok<\/li>\n<li>Osta sellaiset jalkineet joita tulee k\u00e4ytetty\u00e4, hyv\u00e4tk\u00e4\u00e4n ominaisuudet ei kaapissa hy\u00f6dyt\u00e4.<\/li>\n<li>Laadukkaan paljaskeng\u00e4n ei tarvitse olla ylihintainen<\/li>\n<li>Laadukkaassa paljasjalkakeng\u00e4ss\u00e4 on valmistajan, maahantuojan ja\/tai\u00a0 j\u00e4lleenmyyj\u00e4n takuu<\/li>\n<li>Vastaamme meilt\u00e4 tilattujen\u00a0 Saguarojalkineiden takuusta Suomessa<\/li>\n<\/ul>\n<p><strong>SAGUARO PALJASJALKAKENG\u00c4T SUOMESSA<\/strong><\/p>\n<p>Saguaro jalkineet on kehitetty yhdess\u00e4 ihmiskehon ja jalkineiden osaajien yhteysty\u00f6ss\u00e4. Ty\u00f6t\u00e4 on tehty jo yli 10-vuotta ja tie jatkuu edelleen. Saguaroshoes.fi on Suomaisten Fysioterapeuttien omistama vastuuntuntoinen perheyritys. Toimintamme pohjautuun ammattitaitoon ihmiskehon erillaisten Tuki-ja liikuntaelin ongelmien hoidosta sek\u00e4 niiden kuntouttamiseen vaadittuen jalkineiden, tukien ja apuv\u00e4lineiden kehitt\u00e4misest\u00e4, valmistamisesta, maahantuonnista ja j\u00e4lleenmyynnist\u00e4. Yhteisty\u00f6t\u00e4 teemme sairaaloiden, terveyskeskusten, hoiva- ja hoitokotien\u00a0 kanssa mutta my\u00f6s yhdistysten kuten HUS, Super, Tehy, Psorias, diabetes, nivel, ja reumayhdistys.<\/p>\n<p>V\u00e4litt\u00e4en jaloistasi: Saguaroshoes tiimi Suomi<\/p>\n<div class=\"toggle-title\"><\/div>\n<div id=\"tab-sustainability-mobile\" class=\"toggle-content popup-mobile\">\n<div class=\"tab-popup-content\">\n<div>\n<p><strong><span dir=\"auto\">Kest\u00e4v\u00e4 kehitys <\/span><\/strong><span dir=\"auto\">SAGUAROlla pyrimme minimoimaan ymp\u00e4rist\u00f6vaikutuksemme harkitulla suunnittelulla ja ymp\u00e4rist\u00f6yst\u00e4v\u00e4llisill\u00e4 materiaaleilla.<\/span><\/p>\n<\/div>\n<div>\n<p><strong><span dir=\"auto\">Kest\u00e4v\u00e4t materiaalit<\/span><\/strong><\/p>\n<ul>\n<li><strong><span dir=\"auto\">Luonnonkumipohjat:<\/span><\/strong><span dir=\"auto\">\u00a0Kest\u00e4v\u00e4t, liukumattomat ja ymp\u00e4rist\u00f6yst\u00e4v\u00e4lliset pohjat, jotka tukevat luonnollista liikett\u00e4 ilman kompromisseja.<\/span><\/li>\n<li><strong><span dir=\"auto\">4 mm:n polyuretaanivaahtopohjalliset:<\/span><\/strong><span dir=\"auto\">\u00a0Mukavuutta ja kest\u00e4vyytt\u00e4 ajatellen suunnitellut pohjalliset ovat kierr\u00e4tett\u00e4vi\u00e4, biohajoavia ja t\u00e4ytt\u00e4v\u00e4t kansainv\u00e4liset ymp\u00e4rist\u00f6standardit.<\/span><\/li>\n<li><strong><span dir=\"auto\">Monitoimiset kudotut kassit:<\/span><\/strong><span dir=\"auto\">\u00a0Monipuoliset, uudelleenk\u00e4ytett\u00e4v\u00e4t pakkauksemme poistavat kertak\u00e4ytt\u00f6laatikoiden tarpeen ja v\u00e4hent\u00e4v\u00e4t j\u00e4tett\u00e4.<\/span><\/li>\n<\/ul>\n<\/div>\n<div>\n<p><span dir=\"auto\">Minimalistisella ja el\u00e4inyst\u00e4v\u00e4llisell\u00e4 l\u00e4hestymistavalla SAGUAROn design pit\u00e4\u00e4 sinut yhteydess\u00e4 luontoon joka askeleella.<\/span><\/p>\n<\/div>\n<\/div>\n<\/div>\n","protected":false},"excerpt":{"rendered":"<p>Saguaro paljasjalkakeng\u00e4t 10 vuoden kokemuksella.<\/p>\n<p><img loading=\"lazy\" decoding=\"async\" class=\"size-full wp-image-74 alignright\" src=\"https:\/\/saguaroshoes.fi\/wp-content\/uploads\/2026\/01\/10th-SAGUARO_185x.png\" alt=\"\" width=\"185\" height=\"34\" \/><\/p>\n<p><em>Nosta kokemuksesi uudelle tasolle klassisilla VITALLITY III -paljasjalkakengill\u00e4, jotka tunnetaan poikkeuksellisesta pidosta, liukumattomuudesta ja vertaansa vailla olevasta mukavuudesta<\/em><\/p>\n<p>Laadukkaasti ja turvallisesti, Saguaro<\/p>\n","protected":false},"featured_media":281,"template":"","meta":[],"product_brand":[21],"product_cat":[24,18,17],"product_tag":[23],"class_list":{"0":"post-266","1":"product","2":"type-product","3":"status-publish","4":"has-post-thumbnail","6":"product_brand-saguaro","7":"product_cat-unisex-malli","8":"product_cat-miehille","9":"product_cat-naisten-paljasjalkakengat","10":"product_tag-unisex","12":"first","13":"instock","14":"taxable","15":"shipping-taxable","16":"purchasable","17":"product-type-variable","18":"has-default-attributes"},"_links":{"self":[{"href":"https:\/\/saguaroshoes.fi\/index.php?rest_route=\/wp\/v2\/product\/266","targetHints":{"allow":["GET"]}}],"collection":[{"href":"https:\/\/saguaroshoes.fi\/index.php?rest_route=\/wp\/v2\/product"}],"about":[{"href":"https:\/\/saguaroshoes.fi\/index.php?rest_route=\/wp\/v2\/types\/product"}],"wp:featuredmedia":[{"embeddable":true,"href":"https:\/\/saguaroshoes.fi\/index.php?rest_route=\/wp\/v2\/media\/281"}],"wp:attachment":[{"href":"https:\/\/saguaroshoes.fi\/index.php?rest_route=%2Fwp%2Fv2%2Fmedia&parent=266"}],"wp:term":[{"taxonomy":"product_brand","embeddable":true,"href":"https:\/\/saguaroshoes.fi\/index.php?rest_route=%2Fwp%2Fv2%2Fproduct_brand&post=266"},{"taxonomy":"product_cat","embeddable":true,"href":"https:\/\/saguaroshoes.fi\/index.php?rest_route=%2Fwp%2Fv2%2Fproduct_cat&post=266"},{"taxonomy":"product_tag","embeddable":true,"href":"https:\/\/saguaroshoes.fi\/index.php?rest_route=%2Fwp%2Fv2%2Fproduct_tag&post=266"}],"curies":[{"name":"wp","href":"https:\/\/api.w.org\/{rel}","templated":true}]}}