{"id":228,"date":"2026-01-28T10:53:05","date_gmt":"2026-01-28T08:53:05","guid":{"rendered":"https:\/\/saguaroshoes.fi\/?post_type=product&#038;p=228"},"modified":"2026-01-28T11:02:52","modified_gmt":"2026-01-28T09:02:52","slug":"saguaro-lasten-vaaleanpunainen-paljasjalkakenka","status":"publish","type":"product","link":"https:\/\/saguaroshoes.fi\/?product=saguaro-lasten-vaaleanpunainen-paljasjalkakenka","title":{"rendered":"Saguaro lasten vaaleanpunainen paljasjalkakenk\u00e4"},"content":{"rendered":"<h3><strong>Saguaro Pinkki\u00a0<\/strong><\/h3>\n<p>&nbsp;<\/p>\n<p><span style=\"font-weight: 400;\"><strong>Saguaro Pinkki Fysioterapeuttimme valitsema<\/strong>, turvallinen pienten lasten paljasjalkakenk\u00e4. Riitt\u00e4v\u00e4 materiaali paksuus on t\u00e4rke\u00e4\u00e4 turvallisuudessa kun vauhtia ja tilanteita riitt\u00e4\u00e4.<\/span><\/p>\n<p><span style=\"font-weight: 400;\"> Paljasjalkakeng\u00e4t tarjoavat luonnollisen askelluksen ja mukautuvat t\u00e4ydellisesti jalan liikkeisiin. N\u00e4iden lasten mallien kevyt ja joustava rakenne aktivoi jalkojen lihaksia ja niveli\u00e4, samalla tukien sel\u00e4n luonnollista asentoa. Paljasjalkakenkien muotoiltu pohja takaa rullaavan askelluksen ja varmistaa hyv\u00e4n pidon niin m\u00e4rill\u00e4, pehmeill\u00e4 kuin kovilla alustoilla. N\u00e4m\u00e4 keng\u00e4t sopivat erinomaisesti juoksuun, leikkiin, jumppaan, matkustamiseen.<\/span><\/p>\n<h4><b>Avainominaisuudet: LASTEN TURVALLINEN PALJASJALKAKENK\u00c4<\/b><\/h4>\n<ul>\n<li><strong>Pohjan paksuus:<\/strong> Yhteens\u00e4 8 mm, ilman sis\u00e4pohjallista 4 mm. Sis\u00e4pohjallinen on irroitettava ja vaihdettavissa.<\/li>\n<li style=\"font-weight: 400;\"><b>Luonnollinen askellus<\/b><span style=\"font-weight: 400;\"> \u2013 Kantakorotukseton ja jalan muotoon mukautuva barefoot-rakenne.<\/span><\/li>\n<li style=\"font-weight: 400;\"><b>Pit\u00e4v\u00e4 ulkopohja<\/b><span style=\"font-weight: 400;\"> \u2013 4 mm laadukasta luonnonkumia, antaa varman pidon m\u00e4r\u00e4ll\u00e4, pehme\u00e4ll\u00e4 ja kovalla alustalla.<\/span><\/li>\n<li style=\"font-weight: 400;\"><b>Monipuolinen k\u00e4ytt\u00f6tarkoitus<\/b><span style=\"font-weight: 400;\"> \u2013 Sopii juoksuun, kuntosalille, jumppaan, matkustamiseen, polkujuoksuun, uintiin ja ty\u00f6jalkineeksi.<\/span><\/li>\n<li style=\"font-weight: 400;\"><b>Jalan ja sel\u00e4n hyvinvointi<\/b><span style=\"font-weight: 400;\"> \u2013 Mahdollistaa jalkojen luonnollisen vahvistumisen i\u00e4n my\u00f6t\u00e4.Vahvistaa jalkojen lihaksia, aktivoi nivelten toimintaa ja tukee sel\u00e4n luonnollista asentoa.<\/span><\/li>\n<\/ul>\n<h4><b>Tekniset tiedot:<\/b><\/h4>\n<ul>\n<li style=\"font-weight: 400;\"><b>P\u00e4\u00e4llinen<\/b><span style=\"font-weight: 400;\">: Hengitt\u00e4v\u00e4 ja joustava verkkokangas, joka muotoutuu jalan anatomiaan.<\/span><\/li>\n<li style=\"font-weight: 400;\"><b>Ulkopohja<\/b><span style=\"font-weight: 400;\">: 6 mm luonnonkumi, joka takaa erinomaisen pidon eri alustoilla.<\/span><\/li>\n<li style=\"font-weight: 400;\"><b>Sis\u00e4pohjallinen<\/b><span style=\"font-weight: 400;\">: 4 mm irrotettava barefoot-pohjallinen (voi k\u00e4ytt\u00e4\u00e4 my\u00f6s ilman).<\/span><\/li>\n<li style=\"font-weight: 400;\"><b>Kiinnitys<\/b><span style=\"font-weight: 400;\">: Joustava integroitu nauhakiinnitys, joka mahdollistaa nopean ja helpon pukeutumisen.<\/span><\/li>\n<li style=\"font-weight: 400;\"><b>Paino<\/b><span style=\"font-weight: 400;\">: Vain 147g (koko 27).<\/span><\/li>\n<li style=\"font-weight: 400;\"><b>Pesuohje<\/b><span style=\"font-weight: 400;\">: Pese kylm\u00e4ll\u00e4 vedell\u00e4<\/span><\/li>\n<\/ul>\n<p><span style=\"font-weight: 400;\">Saguaro lasten-paljasjalkakeng\u00e4t ovat t\u00e4ydellinen valinta, kun haluat yhdist\u00e4\u00e4 luonnollisen askelluksen, mukautuvan k\u00e4ytt\u00f6tarkoituksen ja jalan hyvinvoinnin.<\/span><\/p>\n","protected":false},"excerpt":{"rendered":"<p style=\"text-align: left;\">Saguaro, lasten turvallinen paljasjalkakenk\u00e4\u00a0 <img loading=\"lazy\" decoding=\"async\" class=\"size-medium wp-image-256 alignright\" src=\"https:\/\/saguaroshoes.fi\/wp-content\/uploads\/2026\/01\/logo_3-236x300.webp\" alt=\"\" width=\"236\" height=\"300\" srcset=\"https:\/\/saguaroshoes.fi\/wp-content\/uploads\/2026\/01\/logo_3-236x300.webp 236w, https:\/\/saguaroshoes.fi\/wp-content\/uploads\/2026\/01\/logo_3-806x1024.webp 806w, https:\/\/saguaroshoes.fi\/wp-content\/uploads\/2026\/01\/logo_3-768x975.webp 768w, https:\/\/saguaroshoes.fi\/wp-content\/uploads\/2026\/01\/logo_3-600x762.webp 600w, https:\/\/saguaroshoes.fi\/wp-content\/uploads\/2026\/01\/logo_3.webp 1000w\" sizes=\"auto, (max-width: 236px) 100vw, 236px\" \/><\/p>\n<p><span style=\"font-weight: 400;\">Fysioterapeuttimme testaamat, markkinoiden edullisimmat laadukkaat paljasjalkakeng\u00e4t. N\u00e4m\u00e4 monipuoliset paljasjalkakeng\u00e4t sopivat ymp\u00e4rivuotiseen k\u00e4ytt\u00f6\u00f6n ja tukevat luonnollista askellusta liikunnassa ja vapaa-ajalla. Kevyt ja hengitt\u00e4v\u00e4 rakenne tekee niist\u00e4 ihanteelliset lomamatkoille ja kes\u00e4kuukausina ulkok\u00e4ytt\u00f6\u00f6n Suomessa. Vapauta askeleesi poluilla sek\u00e4 kovilla ja m\u00e4rill\u00e4 pinnoilla.<\/span><\/p>\n","protected":false},"featured_media":229,"template":"","meta":[],"product_brand":[],"product_cat":[20],"product_tag":[],"class_list":{"0":"post-228","1":"product","2":"type-product","3":"status-publish","4":"has-post-thumbnail","6":"product_cat-lapsille","8":"first","9":"instock","10":"taxable","11":"shipping-taxable","12":"purchasable","13":"product-type-variable","14":"has-default-attributes"},"_links":{"self":[{"href":"https:\/\/saguaroshoes.fi\/index.php?rest_route=\/wp\/v2\/product\/228","targetHints":{"allow":["GET"]}}],"collection":[{"href":"https:\/\/saguaroshoes.fi\/index.php?rest_route=\/wp\/v2\/product"}],"about":[{"href":"https:\/\/saguaroshoes.fi\/index.php?rest_route=\/wp\/v2\/types\/product"}],"wp:featuredmedia":[{"embeddable":true,"href":"https:\/\/saguaroshoes.fi\/index.php?rest_route=\/wp\/v2\/media\/229"}],"wp:attachment":[{"href":"https:\/\/saguaroshoes.fi\/index.php?rest_route=%2Fwp%2Fv2%2Fmedia&parent=228"}],"wp:term":[{"taxonomy":"product_brand","embeddable":true,"href":"https:\/\/saguaroshoes.fi\/index.php?rest_route=%2Fwp%2Fv2%2Fproduct_brand&post=228"},{"taxonomy":"product_cat","embeddable":true,"href":"https:\/\/saguaroshoes.fi\/index.php?rest_route=%2Fwp%2Fv2%2Fproduct_cat&post=228"},{"taxonomy":"product_tag","embeddable":true,"href":"https:\/\/saguaroshoes.fi\/index.php?rest_route=%2Fwp%2Fv2%2Fproduct_tag&post=228"}],"curies":[{"name":"wp","href":"https:\/\/api.w.org\/{rel}","templated":true}]}}